{"id":9,"date":"2025-08-04T21:01:47","date_gmt":"2025-08-04T19:01:47","guid":{"rendered":"https:\/\/fundacjaviadrus.pl\/?page_id=9"},"modified":"2025-08-17T14:15:56","modified_gmt":"2025-08-17T12:15:56","slug":"kontakt","status":"publish","type":"page","link":"https:\/\/fundacjaviadrus.pl\/?page_id=9","title":{"rendered":"Kontakt"},"content":{"rendered":"\t\t<div data-elementor-type=\"wp-page\" data-elementor-id=\"9\" class=\"elementor elementor-9\">\n\t\t\t\t<div class=\"elementor-element elementor-element-280c870a e-flex e-con-boxed e-con e-parent\" data-id=\"280c870a\" data-element_type=\"container\" data-settings=\"{&quot;background_background&quot;:&quot;classic&quot;}\">\n\t\t\t\t\t<div class=\"e-con-inner\">\n\t\t<div class=\"elementor-element elementor-element-341f1a2e e-con-full e-flex e-con e-child\" data-id=\"341f1a2e\" data-element_type=\"container\">\n\t\t\t\t<div class=\"elementor-element elementor-element-19a94921 elementor-widget elementor-widget-heading\" data-id=\"19a94921\" data-element_type=\"widget\" data-widget_type=\"heading.default\">\n\t\t\t\t\t<h2 class=\"elementor-heading-title elementor-size-default\">Skontaktuj si\u0119 z nami!<\/h2>\t\t\t\t<\/div>\n\t\t\t\t<div class=\"elementor-element elementor-element-ef9883b elementor-widget elementor-widget-text-editor\" data-id=\"ef9883b\" data-element_type=\"widget\" data-widget_type=\"text-editor.default\">\n\t\t\t\t\t\t\t\t\t<p>Jeste\u015bmy tu, aby odpowiedzie\u0107 na Twoje pytania i pom\u00f3c w dzia\u0142aniach na rzecz rzek<\/p>\t\t\t\t\t\t\t\t<\/div>\n\t\t\t\t<\/div>\n\t\t\t\t\t<\/div>\n\t\t\t\t<\/div>\n\t\t<div class=\"elementor-element elementor-element-78c823e8 e-con-full e-flex e-con e-parent\" data-id=\"78c823e8\" data-element_type=\"container\">\n\t\t\t\t<div class=\"elementor-element elementor-element-2045153b elementor-widget elementor-widget-heading\" data-id=\"2045153b\" data-element_type=\"widget\" data-widget_type=\"heading.default\">\n\t\t\t\t\t<h2 class=\"elementor-heading-title elementor-size-default\">Skontaktuj si\u0119 z nami<\/h2>\t\t\t\t<\/div>\n\t\t\t\t<div class=\"elementor-element elementor-element-60f59ff8 elementor-widget elementor-widget-text-editor\" data-id=\"60f59ff8\" data-element_type=\"widget\" data-widget_type=\"text-editor.default\">\n\t\t\t\t\t\t\t\t\t<p>Jeste\u015bmy tu, aby odpowiedzie\u0107 na Twoje pytania i pom\u00f3c w realizacji cel\u00f3w ochrony \u015brodowiska. Skontaktuj si\u0119 z nami!<\/p>\t\t\t\t\t\t\t\t<\/div>\n\t\t<div class=\"elementor-element elementor-element-7a88699d e-flex e-con-boxed e-con e-child\" data-id=\"7a88699d\" data-element_type=\"container\">\n\t\t\t\t\t<div class=\"e-con-inner\">\n\t\t<div class=\"elementor-element elementor-element-48ba72ad e-con-full e-flex e-con e-child\" data-id=\"48ba72ad\" data-element_type=\"container\">\n\t\t\t\t<div class=\"elementor-element elementor-element-3f3b744 elementor-widget elementor-widget-image\" data-id=\"3f3b744\" data-element_type=\"widget\" data-widget_type=\"image.default\">\n\t\t\t\t\t\t\t\t\t\t\t\t\t\t\t<img fetchpriority=\"high\" decoding=\"async\" width=\"800\" height=\"800\" src=\"https:\/\/fundacjaviadrus.pl\/wp-content\/uploads\/2025\/08\/obrazy-do-strony.png\" class=\"attachment-large size-large wp-image-59\" alt=\"\" srcset=\"https:\/\/fundacjaviadrus.pl\/wp-content\/uploads\/2025\/08\/obrazy-do-strony.png 800w, https:\/\/fundacjaviadrus.pl\/wp-content\/uploads\/2025\/08\/obrazy-do-strony-300x300.png 300w, https:\/\/fundacjaviadrus.pl\/wp-content\/uploads\/2025\/08\/obrazy-do-strony-150x150.png 150w, https:\/\/fundacjaviadrus.pl\/wp-content\/uploads\/2025\/08\/obrazy-do-strony-768x768.png 768w\" sizes=\"(max-width: 800px) 100vw, 800px\" \/>\t\t\t\t\t\t\t\t\t\t\t\t\t\t\t<\/div>\n\t\t\t\t<\/div>\n\t\t<div class=\"elementor-element elementor-element-4fa2ea28 e-con-full e-grid e-con e-child\" data-id=\"4fa2ea28\" data-element_type=\"container\">\n\t\t<div class=\"elementor-element elementor-element-2a1d4f72 e-con-full e-flex e-con e-child\" data-id=\"2a1d4f72\" data-element_type=\"container\">\n\t\t\t\t<div class=\"elementor-element elementor-element-74ffb8aa elementor-widget elementor-widget-icon-box\" data-id=\"74ffb8aa\" data-element_type=\"widget\" data-widget_type=\"icon-box.default\">\n\t\t\t\t\t\t\t<div class=\"elementor-icon-box-wrapper\">\n\n\t\t\t\n\t\t\t\t\t\t<div class=\"elementor-icon-box-content\">\n\n\t\t\t\t\t\t\t\t\t<h3 class=\"elementor-icon-box-title\">\n\t\t\t\t\t\t<span  >\n\t\t\t\t\t\t\tE-mail\t\t\t\t\t\t<\/span>\n\t\t\t\t\t<\/h3>\n\t\t\t\t\n\t\t\t\t\n\t\t\t<\/div>\n\t\t\t\n\t\t<\/div>\n\t\t\t\t\t\t<\/div>\n\t\t\t\t<div class=\"elementor-element elementor-element-6fc31ba elementor-widget__width-auto elementor-align-left elementor-widget elementor-widget-button\" data-id=\"6fc31ba\" data-element_type=\"widget\" data-widget_type=\"button.default\">\n\t\t\t\t\t\t\t\t\t\t<a class=\"elementor-button elementor-button-link elementor-size-sm\" href=\"#\">\n\t\t\t\t\t\t<span class=\"elementor-button-content-wrapper\">\n\t\t\t\t\t\t\t\t\t<span class=\"elementor-button-text\">fundacja.viadrus@gmail.com<\/span>\n\t\t\t\t\t<\/span>\n\t\t\t\t\t<\/a>\n\t\t\t\t\t\t\t\t<\/div>\n\t\t\t\t<\/div>\n\t\t<div class=\"elementor-element elementor-element-4d0c5d4 e-con-full e-grid e-con e-child\" data-id=\"4d0c5d4\" data-element_type=\"container\">\n\t\t\t\t<div class=\"elementor-element elementor-element-3badcf9d elementor-widget elementor-widget-icon-box\" data-id=\"3badcf9d\" data-element_type=\"widget\" data-widget_type=\"icon-box.default\">\n\t\t\t\t\t\t\t<div class=\"elementor-icon-box-wrapper\">\n\n\t\t\t\n\t\t\t\t\t\t<div class=\"elementor-icon-box-content\">\n\n\t\t\t\t\t\t\t\t\t<h3 class=\"elementor-icon-box-title\">\n\t\t\t\t\t\t<span  >\n\t\t\t\t\t\t\tTelefon\t\t\t\t\t\t<\/span>\n\t\t\t\t\t<\/h3>\n\t\t\t\t\n\t\t\t\t\n\t\t\t<\/div>\n\t\t\t\n\t\t<\/div>\n\t\t\t\t\t\t<\/div>\n\t\t\t\t<div class=\"elementor-element elementor-element-130ab503 elementor-widget__width-auto elementor-align-left elementor-widget elementor-widget-button\" data-id=\"130ab503\" data-element_type=\"widget\" data-widget_type=\"button.default\">\n\t\t\t\t\t\t\t\t\t\t<a class=\"elementor-button elementor-button-link elementor-size-sm\" href=\"#\">\n\t\t\t\t\t\t<span class=\"elementor-button-content-wrapper\">\n\t\t\t\t\t\t\t\t\t<span class=\"elementor-button-text\">+48 731 031 361<\/span>\n\t\t\t\t\t<\/span>\n\t\t\t\t\t<\/a>\n\t\t\t\t\t\t\t\t<\/div>\n\t\t\t\t<\/div>\n\t\t<div class=\"elementor-element elementor-element-146be10a e-con-full e-flex e-con e-child\" data-id=\"146be10a\" data-element_type=\"container\">\n\t\t\t\t<div class=\"elementor-element elementor-element-5c510294 elementor-widget elementor-widget-icon-box\" data-id=\"5c510294\" data-element_type=\"widget\" data-widget_type=\"icon-box.default\">\n\t\t\t\t\t\t\t<div class=\"elementor-icon-box-wrapper\">\n\n\t\t\t\n\t\t\t\t\t\t<div class=\"elementor-icon-box-content\">\n\n\t\t\t\t\t\t\t\t\t<h3 class=\"elementor-icon-box-title\">\n\t\t\t\t\t\t<span  >\n\t\t\t\t\t\t\tBiuro\t\t\t\t\t\t<\/span>\n\t\t\t\t\t<\/h3>\n\t\t\t\t\n\t\t\t\t\n\t\t\t<\/div>\n\t\t\t\n\t\t<\/div>\n\t\t\t\t\t\t<\/div>\n\t\t\t\t<div class=\"elementor-element elementor-element-a4314f6 elementor-widget__width-auto elementor-align-left elementor-mobile-align-justify elementor-widget elementor-widget-button\" data-id=\"a4314f6\" data-element_type=\"widget\" data-widget_type=\"button.default\">\n\t\t\t\t\t\t\t\t\t\t<a class=\"elementor-button elementor-button-link elementor-size-sm\" href=\"#\">\n\t\t\t\t\t\t<span class=\"elementor-button-content-wrapper\">\n\t\t\t\t\t\t\t\t\t<span class=\"elementor-button-text\">ul. Z\u0142ota Podkowa 30, 67-200 G\u0142og\u00f3w<\/span>\n\t\t\t\t\t<\/span>\n\t\t\t\t\t<\/a>\n\t\t\t\t\t\t\t\t<\/div>\n\t\t\t\t<\/div>\n\t\t<div class=\"elementor-element elementor-element-6767bce7 e-con-full e-flex e-con e-child\" data-id=\"6767bce7\" data-element_type=\"container\">\n\t\t\t\t<div class=\"elementor-element elementor-element-7f491acf elementor-grid-mobile-1 elementor-widget__width-initial e-grid-align-mobile-center elementor-shape-rounded elementor-grid-0 elementor-widget elementor-widget-social-icons\" data-id=\"7f491acf\" data-element_type=\"widget\" data-widget_type=\"social-icons.default\">\n\t\t\t\t\t\t\t<div class=\"elementor-social-icons-wrapper elementor-grid\">\n\t\t\t\t\t\t\t<span class=\"elementor-grid-item\">\n\t\t\t\t\t<a class=\"elementor-icon elementor-social-icon elementor-social-icon-facebook-f elementor-repeater-item-3f1b7ac\" href=\"https:\/\/www.facebook.com\/people\/Fundacja-Viadrus\/100091534281058\/\" target=\"_blank\">\n\t\t\t\t\t\t<span class=\"elementor-screen-only\">Facebook-f<\/span>\n\t\t\t\t\t\t<svg class=\"e-font-icon-svg e-fab-facebook-f\" viewBox=\"0 0 320 512\" xmlns=\"http:\/\/www.w3.org\/2000\/svg\"><path d=\"M279.14 288l14.22-92.66h-88.91v-60.13c0-25.35 12.42-50.06 52.24-50.06h40.42V6.26S260.43 0 225.36 0c-73.22 0-121.08 44.38-121.08 124.72v70.62H22.89V288h81.39v224h100.17V288z\"><\/path><\/svg>\t\t\t\t\t<\/a>\n\t\t\t\t<\/span>\n\t\t\t\t\t<\/div>\n\t\t\t\t\t\t<\/div>\n\t\t\t\t<div class=\"elementor-element elementor-element-5c59a629 elementor-widget elementor-widget-icon-box\" data-id=\"5c59a629\" data-element_type=\"widget\" data-widget_type=\"icon-box.default\">\n\t\t\t\t\t\t\t<div class=\"elementor-icon-box-wrapper\">\n\n\t\t\t\n\t\t\t\t\t\t<div class=\"elementor-icon-box-content\">\n\n\t\t\t\t\t\t\t\t\t<h3 class=\"elementor-icon-box-title\">\n\t\t\t\t\t\t<span  >\n\t\t\t\t\t\t\tObserwuj nas\t\t\t\t\t\t<\/span>\n\t\t\t\t\t<\/h3>\n\t\t\t\t\n\t\t\t\t\n\t\t\t<\/div>\n\t\t\t\n\t\t<\/div>\n\t\t\t\t\t\t<\/div>\n\t\t\t\t<\/div>\n\t\t\t\t<\/div>\n\t\t\t\t\t<\/div>\n\t\t\t\t<\/div>\n\t\t\t\t<\/div>\n\t\t\t\t<\/div>\n\t\t","protected":false},"excerpt":{"rendered":"<p>Skontaktuj si\u0119 z nami! Jeste\u015bmy tu, aby odpowiedzie\u0107 na Twoje pytania i pom\u00f3c w dzia\u0142aniach na rzecz rzek Skontaktuj si\u0119 z nami Jeste\u015bmy tu, aby odpowiedzie\u0107 na Twoje pytania i pom\u00f3c w realizacji cel\u00f3w ochrony \u015brodowiska. Skontaktuj si\u0119 z nami! E-mail fundacja.viadrus@gmail.com Telefon +48 731 031 361 Biuro ul. Z\u0142ota Podkowa 30, 67-200 G\u0142og\u00f3w Facebook-f [&hellip;]<\/p>\n","protected":false},"author":1,"featured_media":0,"parent":0,"menu_order":0,"comment_status":"closed","ping_status":"closed","template":"","meta":{"footnotes":""},"class_list":["post-9","page","type-page","status-publish","hentry"],"_links":{"self":[{"href":"https:\/\/fundacjaviadrus.pl\/index.php?rest_route=\/wp\/v2\/pages\/9","targetHints":{"allow":["GET"]}}],"collection":[{"href":"https:\/\/fundacjaviadrus.pl\/index.php?rest_route=\/wp\/v2\/pages"}],"about":[{"href":"https:\/\/fundacjaviadrus.pl\/index.php?rest_route=\/wp\/v2\/types\/page"}],"author":[{"embeddable":true,"href":"https:\/\/fundacjaviadrus.pl\/index.php?rest_route=\/wp\/v2\/users\/1"}],"replies":[{"embeddable":true,"href":"https:\/\/fundacjaviadrus.pl\/index.php?rest_route=%2Fwp%2Fv2%2Fcomments&post=9"}],"version-history":[{"count":10,"href":"https:\/\/fundacjaviadrus.pl\/index.php?rest_route=\/wp\/v2\/pages\/9\/revisions"}],"predecessor-version":[{"id":164,"href":"https:\/\/fundacjaviadrus.pl\/index.php?rest_route=\/wp\/v2\/pages\/9\/revisions\/164"}],"wp:attachment":[{"href":"https:\/\/fundacjaviadrus.pl\/index.php?rest_route=%2Fwp%2Fv2%2Fmedia&parent=9"}],"curies":[{"name":"wp","href":"https:\/\/api.w.org\/{rel}","templated":true}]}}