{"id":24,"date":"2025-08-04T21:01:48","date_gmt":"2025-08-04T19:01:48","guid":{"rendered":"https:\/\/fundacjaviadrus.pl\/?page_id=24"},"modified":"2025-08-15T09:51:02","modified_gmt":"2025-08-15T07:51:02","slug":"o-nas","status":"publish","type":"page","link":"https:\/\/fundacjaviadrus.pl\/?page_id=24","title":{"rendered":"O nas"},"content":{"rendered":"\t\t<div data-elementor-type=\"wp-page\" data-elementor-id=\"24\" class=\"elementor elementor-24\">\n\t\t\t\t<div class=\"elementor-element elementor-element-264e709 e-flex e-con-boxed e-con e-parent\" data-id=\"264e709\" data-element_type=\"container\">\n\t\t\t\t\t<div class=\"e-con-inner\">\n\t\t\t\t<div class=\"elementor-element elementor-element-cdbe6c8 elementor-widget elementor-widget-image\" data-id=\"cdbe6c8\" data-element_type=\"widget\" data-widget_type=\"image.default\">\n\t\t\t\t\t\t\t\t\t\t\t\t\t\t\t<img decoding=\"async\" src=\"https:\/\/fundacjaviadrus.pl\/wp-content\/uploads\/elementor\/thumbs\/Projekt-bez-nazwy-39-raa59fxmrway6jq2fosnur73bqd5yy8n6dka15r4g0.png\" title=\"Projekt bez nazwy (39)\" alt=\"Projekt bez nazwy (39)\" loading=\"lazy\" \/>\t\t\t\t\t\t\t\t\t\t\t\t\t\t\t<\/div>\n\t\t\t\t\t<\/div>\n\t\t\t\t<\/div>\n\t\t<div class=\"elementor-element elementor-element-94221e5 e-flex e-con-boxed e-con e-parent\" data-id=\"94221e5\" data-element_type=\"container\">\n\t\t\t\t\t<div class=\"e-con-inner\">\n\t\t\t\t<div class=\"elementor-element elementor-element-a471400 elementor-widget elementor-widget-spacer\" data-id=\"a471400\" data-element_type=\"widget\" data-widget_type=\"spacer.default\">\n\t\t\t\t\t\t\t<div class=\"elementor-spacer\">\n\t\t\t<div class=\"elementor-spacer-inner\"><\/div>\n\t\t<\/div>\n\t\t\t\t\t\t<\/div>\n\t\t\t\t\t<\/div>\n\t\t\t\t<\/div>\n\t\t<div class=\"elementor-element elementor-element-843771c e-flex e-con-boxed e-con e-parent\" data-id=\"843771c\" data-element_type=\"container\">\n\t\t\t\t\t<div class=\"e-con-inner\">\n\t\t\t\t<div class=\"elementor-element elementor-element-4d3f833 elementor-widget elementor-widget-heading\" data-id=\"4d3f833\" data-element_type=\"widget\" data-widget_type=\"heading.default\">\n\t\t\t\t\t<h2 class=\"elementor-heading-title elementor-size-default\">O nas<\/h2>\t\t\t\t<\/div>\n\t\t\t\t\t<\/div>\n\t\t\t\t<\/div>\n\t\t<div class=\"elementor-element elementor-element-f6488db e-flex e-con-boxed e-con e-parent\" data-id=\"f6488db\" data-element_type=\"container\">\n\t\t\t\t\t<div class=\"e-con-inner\">\n\t\t\t\t<div class=\"elementor-element elementor-element-bc5fbd5 elementor-widget elementor-widget-text-editor\" data-id=\"bc5fbd5\" data-element_type=\"widget\" data-widget_type=\"text-editor.default\">\n\t\t\t\t\t\t\t\t\t<p data-start=\"74\" data-end=\"401\">Fundacja Viadrus to og\u00f3lnopolska organizacja ekologiczna, kt\u00f3rej misj\u0105 jest ochrona i renaturyzacja polskich rzek oraz edukacja spo\u0142ecze\u0144stwa na temat znaczenia czystych w\u00f3d dla ludzi i przyrody. Dzia\u0142amy na terenie ca\u0142ej Polski, realizuj\u0105c projekty anga\u017cuj\u0105ce lokalne spo\u0142eczno\u015bci, szko\u0142y, w\u0119dkarzy oraz pasjonat\u00f3w przyrody.<\/p>\n<p data-start=\"403\" data-end=\"783\">Wsp\u00f3\u0142pracujemy z licznymi organizacjami ekologicznymi, instytucjami naukowymi, samorz\u0105dami, aby skuteczniej chroni\u0107 i przywraca\u0107 naturalny bieg rzek. Nasze dzia\u0142ania obejmuj\u0105 m.in. oczyszczanie koryt rzek z zanieczyszcze\u0144, badania jako\u015bci wody, monitoring przyrody oraz kampanie spo\u0142eczne, takie jak inicjatywa nadania rzece Odrze osobowo\u015bci prawnej.<\/p>\n<p data-start=\"785\" data-end=\"960\">Od 3 lat organizujemy kultowe ju\u017c na zawody w\u0119dkarskie &#8222;Bole\u0144 Odry&#8221; po\u0142\u0105czone z Ekologicznym piknikiem Viadrusa.&nbsp;&nbsp;<\/p>\n<p data-start=\"785\" data-end=\"960\">Aktywnie wspieramy r\u00f3wnie\u017c zawody w\u0119dkarskie na terenie ca\u0142ej Polski, promuj\u0105c w\u015br\u00f3d uczestnik\u00f3w etyk\u0119 w\u0119dkarsk\u0105, poszanowanie \u015brodowiska.<\/p>\n<p><\/p>\n<p data-start=\"962\" data-end=\"1087\">Naszym celem jest, aby polskie rzeki by\u0142y czyste, bezpieczne i pe\u0142ne \u017cycia \u2014 zar\u00f3wno dla ludzi, jak i dla dzikiej przyrody.<\/p>\t\t\t\t\t\t\t\t<\/div>\n\t\t\t\t\t<\/div>\n\t\t\t\t<\/div>\n\t\t<div class=\"elementor-element elementor-element-15e8b29 e-grid e-con-boxed e-con e-parent\" data-id=\"15e8b29\" data-element_type=\"container\">\n\t\t\t\t\t<div class=\"e-con-inner\">\n\t\t\t\t<div class=\"elementor-element elementor-element-8c2edf5 elementor-widget elementor-widget-image\" data-id=\"8c2edf5\" data-element_type=\"widget\" data-widget_type=\"image.default\">\n\t\t\t\t\t\t\t\t\t\t\t\t\t\t\t<img fetchpriority=\"high\" decoding=\"async\" width=\"800\" height=\"800\" src=\"https:\/\/fundacjaviadrus.pl\/wp-content\/uploads\/2025\/08\/9.png\" class=\"attachment-large size-large wp-image-133\" alt=\"\" srcset=\"https:\/\/fundacjaviadrus.pl\/wp-content\/uploads\/2025\/08\/9.png 800w, https:\/\/fundacjaviadrus.pl\/wp-content\/uploads\/2025\/08\/9-300x300.png 300w, https:\/\/fundacjaviadrus.pl\/wp-content\/uploads\/2025\/08\/9-150x150.png 150w, https:\/\/fundacjaviadrus.pl\/wp-content\/uploads\/2025\/08\/9-768x768.png 768w\" sizes=\"(max-width: 800px) 100vw, 800px\" \/>\t\t\t\t\t\t\t\t\t\t\t\t\t\t\t<\/div>\n\t\t\t\t<div class=\"elementor-element elementor-element-6b5f12a elementor-widget elementor-widget-image\" data-id=\"6b5f12a\" data-element_type=\"widget\" data-widget_type=\"image.default\">\n\t\t\t\t\t\t\t\t\t\t\t\t\t\t\t<img decoding=\"async\" width=\"800\" height=\"800\" src=\"https:\/\/fundacjaviadrus.pl\/wp-content\/uploads\/2025\/08\/11.png\" class=\"attachment-large size-large wp-image-134\" alt=\"\" srcset=\"https:\/\/fundacjaviadrus.pl\/wp-content\/uploads\/2025\/08\/11.png 800w, https:\/\/fundacjaviadrus.pl\/wp-content\/uploads\/2025\/08\/11-300x300.png 300w, https:\/\/fundacjaviadrus.pl\/wp-content\/uploads\/2025\/08\/11-150x150.png 150w, https:\/\/fundacjaviadrus.pl\/wp-content\/uploads\/2025\/08\/11-768x768.png 768w\" sizes=\"(max-width: 800px) 100vw, 800px\" \/>\t\t\t\t\t\t\t\t\t\t\t\t\t\t\t<\/div>\n\t\t\t\t<div class=\"elementor-element elementor-element-65efc57 elementor-widget elementor-widget-image\" data-id=\"65efc57\" data-element_type=\"widget\" data-widget_type=\"image.default\">\n\t\t\t\t\t\t\t\t\t\t\t\t\t\t\t<img decoding=\"async\" width=\"800\" height=\"800\" src=\"https:\/\/fundacjaviadrus.pl\/wp-content\/uploads\/2025\/08\/15.png\" class=\"attachment-large size-large wp-image-136\" alt=\"\" srcset=\"https:\/\/fundacjaviadrus.pl\/wp-content\/uploads\/2025\/08\/15.png 800w, https:\/\/fundacjaviadrus.pl\/wp-content\/uploads\/2025\/08\/15-300x300.png 300w, https:\/\/fundacjaviadrus.pl\/wp-content\/uploads\/2025\/08\/15-150x150.png 150w, https:\/\/fundacjaviadrus.pl\/wp-content\/uploads\/2025\/08\/15-768x768.png 768w\" sizes=\"(max-width: 800px) 100vw, 800px\" \/>\t\t\t\t\t\t\t\t\t\t\t\t\t\t\t<\/div>\n\t\t\t\t<div class=\"elementor-element elementor-element-f3fb9a8 elementor-widget elementor-widget-image\" data-id=\"f3fb9a8\" data-element_type=\"widget\" data-widget_type=\"image.default\">\n\t\t\t\t\t\t\t\t\t\t\t\t\t\t\t<img loading=\"lazy\" decoding=\"async\" width=\"800\" height=\"800\" src=\"https:\/\/fundacjaviadrus.pl\/wp-content\/uploads\/2025\/08\/13.png\" class=\"attachment-large size-large wp-image-135\" alt=\"\" srcset=\"https:\/\/fundacjaviadrus.pl\/wp-content\/uploads\/2025\/08\/13.png 800w, https:\/\/fundacjaviadrus.pl\/wp-content\/uploads\/2025\/08\/13-300x300.png 300w, https:\/\/fundacjaviadrus.pl\/wp-content\/uploads\/2025\/08\/13-150x150.png 150w, https:\/\/fundacjaviadrus.pl\/wp-content\/uploads\/2025\/08\/13-768x768.png 768w\" sizes=\"(max-width: 800px) 100vw, 800px\" \/>\t\t\t\t\t\t\t\t\t\t\t\t\t\t\t<\/div>\n\t\t\t\t<div class=\"elementor-element elementor-element-40a5391 elementor-widget elementor-widget-image\" data-id=\"40a5391\" data-element_type=\"widget\" data-widget_type=\"image.default\">\n\t\t\t\t\t\t\t\t\t\t\t\t\t\t\t<img loading=\"lazy\" decoding=\"async\" width=\"800\" height=\"800\" src=\"https:\/\/fundacjaviadrus.pl\/wp-content\/uploads\/2025\/08\/12.png\" class=\"attachment-large size-large wp-image-137\" alt=\"\" srcset=\"https:\/\/fundacjaviadrus.pl\/wp-content\/uploads\/2025\/08\/12.png 800w, https:\/\/fundacjaviadrus.pl\/wp-content\/uploads\/2025\/08\/12-300x300.png 300w, https:\/\/fundacjaviadrus.pl\/wp-content\/uploads\/2025\/08\/12-150x150.png 150w, https:\/\/fundacjaviadrus.pl\/wp-content\/uploads\/2025\/08\/12-768x768.png 768w\" sizes=\"(max-width: 800px) 100vw, 800px\" \/>\t\t\t\t\t\t\t\t\t\t\t\t\t\t\t<\/div>\n\t\t\t\t<div class=\"elementor-element elementor-element-2985a57 elementor-widget elementor-widget-image\" data-id=\"2985a57\" data-element_type=\"widget\" data-widget_type=\"image.default\">\n\t\t\t\t\t\t\t\t\t\t\t\t\t\t\t<img loading=\"lazy\" decoding=\"async\" width=\"800\" height=\"800\" src=\"https:\/\/fundacjaviadrus.pl\/wp-content\/uploads\/2025\/08\/10.png\" class=\"attachment-large size-large wp-image-139\" alt=\"\" srcset=\"https:\/\/fundacjaviadrus.pl\/wp-content\/uploads\/2025\/08\/10.png 800w, https:\/\/fundacjaviadrus.pl\/wp-content\/uploads\/2025\/08\/10-300x300.png 300w, https:\/\/fundacjaviadrus.pl\/wp-content\/uploads\/2025\/08\/10-150x150.png 150w, https:\/\/fundacjaviadrus.pl\/wp-content\/uploads\/2025\/08\/10-768x768.png 768w\" sizes=\"(max-width: 800px) 100vw, 800px\" \/>\t\t\t\t\t\t\t\t\t\t\t\t\t\t\t<\/div>\n\t\t\t\t\t<\/div>\n\t\t\t\t<\/div>\n\t\t\t\t<\/div>\n\t\t","protected":false},"excerpt":{"rendered":"<p>O nas Fundacja Viadrus to og\u00f3lnopolska organizacja ekologiczna, kt\u00f3rej misj\u0105 jest ochrona i renaturyzacja polskich rzek oraz edukacja spo\u0142ecze\u0144stwa na temat znaczenia czystych w\u00f3d dla ludzi i przyrody. Dzia\u0142amy na terenie ca\u0142ej Polski, realizuj\u0105c projekty anga\u017cuj\u0105ce lokalne spo\u0142eczno\u015bci, szko\u0142y, w\u0119dkarzy oraz pasjonat\u00f3w przyrody. Wsp\u00f3\u0142pracujemy z licznymi organizacjami ekologicznymi, instytucjami naukowymi, samorz\u0105dami, aby skuteczniej chroni\u0107 i [&hellip;]<\/p>\n","protected":false},"author":1,"featured_media":0,"parent":0,"menu_order":0,"comment_status":"closed","ping_status":"closed","template":"","meta":{"footnotes":""},"class_list":["post-24","page","type-page","status-publish","hentry"],"_links":{"self":[{"href":"https:\/\/fundacjaviadrus.pl\/index.php?rest_route=\/wp\/v2\/pages\/24","targetHints":{"allow":["GET"]}}],"collection":[{"href":"https:\/\/fundacjaviadrus.pl\/index.php?rest_route=\/wp\/v2\/pages"}],"about":[{"href":"https:\/\/fundacjaviadrus.pl\/index.php?rest_route=\/wp\/v2\/types\/page"}],"author":[{"embeddable":true,"href":"https:\/\/fundacjaviadrus.pl\/index.php?rest_route=\/wp\/v2\/users\/1"}],"replies":[{"embeddable":true,"href":"https:\/\/fundacjaviadrus.pl\/index.php?rest_route=%2Fwp%2Fv2%2Fcomments&post=24"}],"version-history":[{"count":8,"href":"https:\/\/fundacjaviadrus.pl\/index.php?rest_route=\/wp\/v2\/pages\/24\/revisions"}],"predecessor-version":[{"id":145,"href":"https:\/\/fundacjaviadrus.pl\/index.php?rest_route=\/wp\/v2\/pages\/24\/revisions\/145"}],"wp:attachment":[{"href":"https:\/\/fundacjaviadrus.pl\/index.php?rest_route=%2Fwp%2Fv2%2Fmedia&parent=24"}],"curies":[{"name":"wp","href":"https:\/\/api.w.org\/{rel}","templated":true}]}}