{"id":15,"date":"2025-08-04T21:01:47","date_gmt":"2025-08-04T19:01:47","guid":{"rendered":"https:\/\/fundacjaviadrus.pl\/?page_id=15"},"modified":"2025-08-23T09:47:22","modified_gmt":"2025-08-23T07:47:22","slug":"strona-glowna","status":"publish","type":"page","link":"https:\/\/fundacjaviadrus.pl\/","title":{"rendered":"Strona g\u0142\u00f3wna"},"content":{"rendered":"\t\t<div data-elementor-type=\"wp-page\" data-elementor-id=\"15\" class=\"elementor elementor-15\">\n\t\t\t\t<div class=\"elementor-element elementor-element-4ceeb30e e-con-full e-flex e-con e-parent\" data-id=\"4ceeb30e\" data-element_type=\"container\" data-settings=\"{&quot;background_background&quot;:&quot;classic&quot;}\">\n\t\t<div class=\"elementor-element elementor-element-708e014a e-con-full e-flex e-con e-child\" data-id=\"708e014a\" data-element_type=\"container\">\n\t\t\t\t<div class=\"elementor-element elementor-element-596b828 elementor-widget elementor-widget-heading\" data-id=\"596b828\" data-element_type=\"widget\" data-widget_type=\"heading.default\">\n\t\t\t\t\t<h1 class=\"elementor-heading-title elementor-size-default\">Czym jest fundacja Viadrus?<\/h1>\t\t\t\t<\/div>\n\t\t\t\t<div class=\"elementor-element elementor-element-1c3ec2e elementor-widget elementor-widget-text-editor\" data-id=\"1c3ec2e\" data-element_type=\"widget\" data-widget_type=\"text-editor.default\">\n\t\t\t\t\t\t\t\t\t<p><strong data-start=\"175\" data-end=\"195\">Fundacja Viadrus<\/strong> dzia\u0142a na rzecz ochrony \u015brodowiska wodnego, renaturyzacji rzek oraz edukacji ekologicznej. Nasz\u0105 misj\u0105 jest przywracanie naturalnego charakteru rzek, wspieranie bior\u00f3\u017cnorodno\u015bci i promowanie aktywnego sp\u0119dzania czasu blisko natury.<\/p>\t\t\t\t\t\t\t\t<\/div>\n\t\t\t\t<div class=\"elementor-element elementor-element-6dbb0e50 elementor-mobile-align-center elementor-align-center elementor-widget elementor-widget-button\" data-id=\"6dbb0e50\" data-element_type=\"widget\" data-widget_type=\"button.default\">\n\t\t\t\t\t\t\t\t\t\t<a class=\"elementor-button elementor-button-link elementor-size-sm\" href=\"https:\/\/fundacjaviadrus.pl\/?page_id=24\">\n\t\t\t\t\t\t<span class=\"elementor-button-content-wrapper\">\n\t\t\t\t\t\t\t\t\t<span class=\"elementor-button-text\">dowiedz si\u0119 wi\u0119cej!<\/span>\n\t\t\t\t\t<\/span>\n\t\t\t\t\t<\/a>\n\t\t\t\t\t\t\t\t<\/div>\n\t\t\t\t<\/div>\n\t\t<div class=\"elementor-element elementor-element-2a4ca3f4 e-con-full e-flex e-con e-child\" data-id=\"2a4ca3f4\" data-element_type=\"container\">\n\t\t\t\t<div class=\"elementor-element elementor-element-33cf166e elementor-widget elementor-widget-image\" data-id=\"33cf166e\" data-element_type=\"widget\" data-widget_type=\"image.default\">\n\t\t\t\t\t\t\t\t\t\t\t\t\t\t\t<img fetchpriority=\"high\" decoding=\"async\" width=\"800\" height=\"800\" src=\"https:\/\/fundacjaviadrus.pl\/wp-content\/uploads\/2025\/08\/Ulotka-rybomania-800-x-800-px.png\" class=\"attachment-large size-large wp-image-55\" alt=\"\" srcset=\"https:\/\/fundacjaviadrus.pl\/wp-content\/uploads\/2025\/08\/Ulotka-rybomania-800-x-800-px.png 800w, https:\/\/fundacjaviadrus.pl\/wp-content\/uploads\/2025\/08\/Ulotka-rybomania-800-x-800-px-300x300.png 300w, https:\/\/fundacjaviadrus.pl\/wp-content\/uploads\/2025\/08\/Ulotka-rybomania-800-x-800-px-150x150.png 150w, https:\/\/fundacjaviadrus.pl\/wp-content\/uploads\/2025\/08\/Ulotka-rybomania-800-x-800-px-768x768.png 768w\" sizes=\"(max-width: 800px) 100vw, 800px\" \/>\t\t\t\t\t\t\t\t\t\t\t\t\t\t\t<\/div>\n\t\t\t\t<\/div>\n\t\t\t\t<\/div>\n\t\t<div class=\"elementor-element elementor-element-631efb7f e-flex e-con-boxed e-con e-parent\" data-id=\"631efb7f\" data-element_type=\"container\">\n\t\t\t\t\t<div class=\"e-con-inner\">\n\t\t<div class=\"elementor-element elementor-element-617705d3 e-con-full e-flex e-con e-child\" data-id=\"617705d3\" data-element_type=\"container\">\n\t\t<div class=\"elementor-element elementor-element-3db151ff e-con-full e-flex e-con e-child\" data-id=\"3db151ff\" data-element_type=\"container\">\n\t\t\t\t<div class=\"elementor-element elementor-element-33306f40 elementor-widget elementor-widget-image\" data-id=\"33306f40\" data-element_type=\"widget\" data-widget_type=\"image.default\">\n\t\t\t\t\t\t\t\t\t\t\t\t\t\t\t<img decoding=\"async\" width=\"800\" height=\"800\" src=\"https:\/\/fundacjaviadrus.pl\/wp-content\/uploads\/2025\/08\/obrazy-do-strony.png\" class=\"attachment-large size-large wp-image-59\" alt=\"\" srcset=\"https:\/\/fundacjaviadrus.pl\/wp-content\/uploads\/2025\/08\/obrazy-do-strony.png 800w, https:\/\/fundacjaviadrus.pl\/wp-content\/uploads\/2025\/08\/obrazy-do-strony-300x300.png 300w, https:\/\/fundacjaviadrus.pl\/wp-content\/uploads\/2025\/08\/obrazy-do-strony-150x150.png 150w, https:\/\/fundacjaviadrus.pl\/wp-content\/uploads\/2025\/08\/obrazy-do-strony-768x768.png 768w\" sizes=\"(max-width: 800px) 100vw, 800px\" \/>\t\t\t\t\t\t\t\t\t\t\t\t\t\t\t<\/div>\n\t\t\t\t<div class=\"elementor-element elementor-element-77852f4a elementor-widget elementor-widget-image\" data-id=\"77852f4a\" data-element_type=\"widget\" data-widget_type=\"image.default\">\n\t\t\t\t\t\t\t\t\t\t\t\t\t\t\t<img decoding=\"async\" width=\"800\" height=\"800\" src=\"https:\/\/fundacjaviadrus.pl\/wp-content\/uploads\/2025\/08\/obrazy-do-strony-1.png\" class=\"attachment-large size-large wp-image-58\" alt=\"\" srcset=\"https:\/\/fundacjaviadrus.pl\/wp-content\/uploads\/2025\/08\/obrazy-do-strony-1.png 800w, https:\/\/fundacjaviadrus.pl\/wp-content\/uploads\/2025\/08\/obrazy-do-strony-1-300x300.png 300w, https:\/\/fundacjaviadrus.pl\/wp-content\/uploads\/2025\/08\/obrazy-do-strony-1-150x150.png 150w, https:\/\/fundacjaviadrus.pl\/wp-content\/uploads\/2025\/08\/obrazy-do-strony-1-768x768.png 768w\" sizes=\"(max-width: 800px) 100vw, 800px\" \/>\t\t\t\t\t\t\t\t\t\t\t\t\t\t\t<\/div>\n\t\t\t\t<\/div>\n\t\t<div class=\"elementor-element elementor-element-65502386 e-con-full e-flex e-con e-child\" data-id=\"65502386\" data-element_type=\"container\">\n\t\t\t\t<div class=\"elementor-element elementor-element-45410f0a elementor-widget elementor-widget-image\" data-id=\"45410f0a\" data-element_type=\"widget\" data-widget_type=\"image.default\">\n\t\t\t\t\t\t\t\t\t\t\t\t\t\t\t<img loading=\"lazy\" decoding=\"async\" width=\"800\" height=\"800\" src=\"https:\/\/fundacjaviadrus.pl\/wp-content\/uploads\/2025\/08\/obrazy-do-strony-2.png\" class=\"attachment-large size-large wp-image-57\" alt=\"\" srcset=\"https:\/\/fundacjaviadrus.pl\/wp-content\/uploads\/2025\/08\/obrazy-do-strony-2.png 800w, https:\/\/fundacjaviadrus.pl\/wp-content\/uploads\/2025\/08\/obrazy-do-strony-2-300x300.png 300w, https:\/\/fundacjaviadrus.pl\/wp-content\/uploads\/2025\/08\/obrazy-do-strony-2-150x150.png 150w, https:\/\/fundacjaviadrus.pl\/wp-content\/uploads\/2025\/08\/obrazy-do-strony-2-768x768.png 768w\" sizes=\"(max-width: 800px) 100vw, 800px\" \/>\t\t\t\t\t\t\t\t\t\t\t\t\t\t\t<\/div>\n\t\t\t\t<div class=\"elementor-element elementor-element-71b9a10a elementor-widget elementor-widget-image\" data-id=\"71b9a10a\" data-element_type=\"widget\" data-widget_type=\"image.default\">\n\t\t\t\t\t\t\t\t\t\t\t\t\t\t\t<img loading=\"lazy\" decoding=\"async\" width=\"800\" height=\"800\" src=\"https:\/\/fundacjaviadrus.pl\/wp-content\/uploads\/2025\/08\/obrazy-do-strony-3.png\" class=\"attachment-large size-large wp-image-56\" alt=\"\" srcset=\"https:\/\/fundacjaviadrus.pl\/wp-content\/uploads\/2025\/08\/obrazy-do-strony-3.png 800w, https:\/\/fundacjaviadrus.pl\/wp-content\/uploads\/2025\/08\/obrazy-do-strony-3-300x300.png 300w, https:\/\/fundacjaviadrus.pl\/wp-content\/uploads\/2025\/08\/obrazy-do-strony-3-150x150.png 150w, https:\/\/fundacjaviadrus.pl\/wp-content\/uploads\/2025\/08\/obrazy-do-strony-3-768x768.png 768w\" sizes=\"(max-width: 800px) 100vw, 800px\" \/>\t\t\t\t\t\t\t\t\t\t\t\t\t\t\t<\/div>\n\t\t\t\t<\/div>\n\t\t\t\t<\/div>\n\t\t<div class=\"elementor-element elementor-element-62f59277 e-con-full e-flex e-con e-child\" data-id=\"62f59277\" data-element_type=\"container\">\n\t\t\t\t<div class=\"elementor-element elementor-element-6fbd7dc1 elementor-widget elementor-widget-heading\" data-id=\"6fbd7dc1\" data-element_type=\"widget\" data-widget_type=\"heading.default\">\n\t\t\t\t\t<h3 class=\"elementor-heading-title elementor-size-default\">Nasza historia<\/h3>\t\t\t\t<\/div>\n\t\t\t\t<div class=\"elementor-element elementor-element-c97bce0 elementor-widget elementor-widget-text-editor\" data-id=\"c97bce0\" data-element_type=\"widget\" data-widget_type=\"text-editor.default\">\n\t\t\t\t\t\t\t\t\t<p data-start=\"220\" data-end=\"473\">Fundacja powsta\u0142a w 2023 roku \u2013 lecz jest jedynie kontynuacj\u0105 i kolejnym etapem naszych dzia\u0142a\u0144, kt\u00f3re nie przerwanie realizowane s\u0105 od 30 lat.\u00a0<\/p><p data-start=\"475\" data-end=\"779\">Od 2023 roku dzia\u0142amy w ca\u0142ej Polsce.<br data-start=\"514\" data-end=\"517\" \/>Organizujemy coroczn\u0105 imprez\u0119\u00a0 &#8222;<strong data-start=\"530\" data-end=\"562\">ekologiczny piknik rodzinny Viadrusa&#8221;<\/strong>, po\u0142\u0105czon\u0105 z zawodami\u00a0<strong data-start=\"580\" data-end=\"596\">\u201eBole\u0144 Odry\u201d<\/strong>, .<br data-start=\"651\" data-end=\"654\" \/>Wsp\u00f3\u0142pracujemy z lud\u017ami i organizacjam<strong data-start=\"672\" data-end=\"709\">i z ca\u0142ej Polski<\/strong>, bo wierzymy, \u017ce prawdziwa zmiana zaczyna si\u0119 od wsp\u00f3lnego dzia\u0142ania.<\/p>\t\t\t\t\t\t\t\t<\/div>\n\t\t\t\t<div class=\"elementor-element elementor-element-417f1eac elementor-mobile-align-center elementor-align-center elementor-invisible elementor-widget elementor-widget-button\" data-id=\"417f1eac\" data-element_type=\"widget\" data-settings=\"{&quot;_animation&quot;:&quot;fadeInDown&quot;}\" data-widget_type=\"button.default\">\n\t\t\t\t\t\t\t\t\t\t<a class=\"elementor-button elementor-button-link elementor-size-sm\" href=\"https:\/\/fundacjaviadrus.pl\/?page_id=18\">\n\t\t\t\t\t\t<span class=\"elementor-button-content-wrapper\">\n\t\t\t\t\t\t\t\t\t<span class=\"elementor-button-text\">Nasze dzia\u0142ania<\/span>\n\t\t\t\t\t<\/span>\n\t\t\t\t\t<\/a>\n\t\t\t\t\t\t\t\t<\/div>\n\t\t\t\t<\/div>\n\t\t\t\t\t<\/div>\n\t\t\t\t<\/div>\n\t\t\t\t<\/div>\n\t\t","protected":false},"excerpt":{"rendered":"<p>Czym jest fundacja Viadrus? Fundacja Viadrus dzia\u0142a na rzecz ochrony \u015brodowiska wodnego, renaturyzacji rzek oraz edukacji ekologicznej. Nasz\u0105 misj\u0105 jest przywracanie naturalnego charakteru rzek, wspieranie bior\u00f3\u017cnorodno\u015bci i promowanie aktywnego sp\u0119dzania czasu blisko natury. dowiedz si\u0119 wi\u0119cej! Nasza historia Fundacja powsta\u0142a w 2023 roku \u2013 lecz jest jedynie kontynuacj\u0105 i kolejnym etapem naszych dzia\u0142a\u0144, kt\u00f3re nie [&hellip;]<\/p>\n","protected":false},"author":1,"featured_media":0,"parent":0,"menu_order":0,"comment_status":"closed","ping_status":"closed","template":"","meta":{"footnotes":""},"class_list":["post-15","page","type-page","status-publish","hentry"],"_links":{"self":[{"href":"https:\/\/fundacjaviadrus.pl\/index.php?rest_route=\/wp\/v2\/pages\/15","targetHints":{"allow":["GET"]}}],"collection":[{"href":"https:\/\/fundacjaviadrus.pl\/index.php?rest_route=\/wp\/v2\/pages"}],"about":[{"href":"https:\/\/fundacjaviadrus.pl\/index.php?rest_route=\/wp\/v2\/types\/page"}],"author":[{"embeddable":true,"href":"https:\/\/fundacjaviadrus.pl\/index.php?rest_route=\/wp\/v2\/users\/1"}],"replies":[{"embeddable":true,"href":"https:\/\/fundacjaviadrus.pl\/index.php?rest_route=%2Fwp%2Fv2%2Fcomments&post=15"}],"version-history":[{"count":15,"href":"https:\/\/fundacjaviadrus.pl\/index.php?rest_route=\/wp\/v2\/pages\/15\/revisions"}],"predecessor-version":[{"id":278,"href":"https:\/\/fundacjaviadrus.pl\/index.php?rest_route=\/wp\/v2\/pages\/15\/revisions\/278"}],"wp:attachment":[{"href":"https:\/\/fundacjaviadrus.pl\/index.php?rest_route=%2Fwp%2Fv2%2Fmedia&parent=15"}],"curies":[{"name":"wp","href":"https:\/\/api.w.org\/{rel}","templated":true}]}}